{"id":407,"date":"2024-12-07T20:20:24","date_gmt":"2024-12-07T20:20:24","guid":{"rendered":"https:\/\/foodinside.es\/contacto\/"},"modified":"2026-02-20T15:54:44","modified_gmt":"2026-02-20T15:54:44","slug":"contacto","status":"publish","type":"page","link":"https:\/\/foodinside.es\/en\/contacto\/","title":{"rendered":"Contacto"},"content":{"rendered":"\n<h1 class=\"wp-block-heading has-text-align-center\">\u00a1Hola!<\/h1>\n\n\n\n<h2 class=\"wp-block-heading has-text-align-center\">Auditor\u00edas y Consultor\u00eda Alimentaria a tu Medida<\/h2>\n\n\n\n<p class=\"has-text-align-center\">Expertos en calidad y seguridad alimentaria para grandes marcas y restaurantes. Mejora y protege tu negocio con nosotros.<\/p>\n\n\n<style id=\"wpforms-css-vars-1185\">\n\t\t\t\t#wpforms-1185 {\n\t\t\t\t--wpforms-container-padding: 0px;\n--wpforms-container-border-width: 1px;\n--wpforms-container-border-radius: 3px;\n--wpforms-background-color: rgba(0, 0, 0, 0);\n--wpforms-field-size-input-height: 43px;\n--wpforms-field-size-input-spacing: 15px;\n--wpforms-field-size-font-size: 16px;\n--wpforms-field-size-line-height: 19px;\n--wpforms-field-size-padding-h: 14px;\n--wpforms-field-size-checkbox-size: 16px;\n--wpforms-field-size-sublabel-spacing: 5px;\n--wpforms-field-size-icon-size: 1;\n--wpforms-label-size-font-size: 16px;\n--wpforms-label-size-line-height: 19px;\n--wpforms-label-size-sublabel-font-size: 14px;\n--wpforms-label-size-sublabel-line-height: 17px;\n--wpforms-button-size-font-size: 17px;\n--wpforms-button-size-height: 41px;\n--wpforms-button-size-padding-h: 15px;\n--wpforms-button-size-margin-top: 10px;\n--wpforms-container-shadow-size-box-shadow: none;\n\t\t\t}\n\t\t\t<\/style><div class=\"wpforms-container wpforms-container-full wpforms-render-modern\" id=\"wpforms-1185\"><form id=\"wpforms-form-1185\" class=\"wpforms-validate wpforms-form wpforms-ajax-form\" data-formid=\"1185\" method=\"post\" enctype=\"multipart\/form-data\" action=\"\/en\/wp-json\/wp\/v2\/pages\/407\" data-token=\"97589d220cb9ff82f3d44843fe8ad8b1\" data-token-time=\"1779054518\"><noscript class=\"wpforms-error-noscript\">Please enable JavaScript in your browser to complete this form.<\/noscript><div id=\"wpforms-error-noscript\" style=\"display: none;\">Please enable JavaScript in your browser to complete this form.<\/div><div class=\"wpforms-field-container\">\t\t<div id=\"wpforms-1185-field_4-container\"\n\t\t\tclass=\"wpforms-field wpforms-field-text\"\n\t\t\tdata-field-type=\"text\"\n\t\t\tdata-field-id=\"4\"\n\t\t\t>\n\t\t\t<label class=\"wpforms-field-label\" for=\"wpforms-1185-field_4\" >o electr\u00f3nico Nombre<\/label>\n\t\t\t<input type=\"text\" id=\"wpforms-1185-field_4\" class=\"wpforms-field-medium\" name=\"wpforms[fields][4]\" >\n\t\t<\/div>\n\t\t<div id=\"wpforms-1185-field_1-container\" class=\"wpforms-field wpforms-field-name\" data-field-id=\"1\"><fieldset><legend class=\"wpforms-field-label\">Nombre <span class=\"wpforms-required-label\" aria-hidden=\"true\">*<\/span><\/legend><div class=\"wpforms-field-row wpforms-field-large\"><div class=\"wpforms-field-row-block wpforms-first wpforms-one-half\"><input type=\"text\" id=\"wpforms-1185-field_1\" class=\"wpforms-field-name-first wpforms-field-required\" name=\"wpforms[fields][1][first]\" aria-errormessage=\"wpforms-1185-field_1-error\" required><label for=\"wpforms-1185-field_1\" class=\"wpforms-field-sublabel after\">First<\/label><\/div><div class=\"wpforms-field-row-block wpforms-one-half\"><input type=\"text\" id=\"wpforms-1185-field_1-last\" class=\"wpforms-field-name-last wpforms-field-required\" name=\"wpforms[fields][1][last]\" aria-errormessage=\"wpforms-1185-field_1-last-error\" required><label for=\"wpforms-1185-field_1-last\" class=\"wpforms-field-sublabel after\">Last<\/label><\/div><\/div><\/fieldset><\/div><div id=\"wpforms-1185-field_2-container\" class=\"wpforms-field wpforms-field-email\" data-field-id=\"2\"><label class=\"wpforms-field-label\" for=\"wpforms-1185-field_2\">Correo electr\u00f3nico <span class=\"wpforms-required-label\" aria-hidden=\"true\">*<\/span><\/label><input type=\"email\" id=\"wpforms-1185-field_2\" class=\"wpforms-field-large wpforms-field-required\" name=\"wpforms[fields][2]\" spellcheck=\"false\" aria-errormessage=\"wpforms-1185-field_2-error\" required><\/div><div id=\"wpforms-1185-field_3-container\" class=\"wpforms-field wpforms-field-textarea\" data-field-id=\"3\"><label class=\"wpforms-field-label\" for=\"wpforms-1185-field_3\">Comentario o mensaje<\/label><textarea id=\"wpforms-1185-field_3\" class=\"wpforms-field-medium\" name=\"wpforms[fields][3]\" aria-errormessage=\"wpforms-1185-field_3-error\" ><\/textarea><\/div><script>\n\t\t\t\t( function() {\n\t\t\t\t\tconst style = document.createElement( 'style' );\n\t\t\t\t\tstyle.appendChild( document.createTextNode( '#wpforms-1185-field_4-container { position: absolute !important; overflow: hidden !important; display: inline !important; height: 1px !important; width: 1px !important; z-index: -1000 !important; padding: 0 !important; } #wpforms-1185-field_4-container input { visibility: hidden; } #wpforms-conversational-form-page #wpforms-1185-field_4-container label { counter-increment: none; }' ) );\n\t\t\t\t\tdocument.head.appendChild( style );\n\t\t\t\t\tdocument.currentScript?.remove();\n\t\t\t\t} )();\n\t\t\t<\/script><\/div><!-- .wpforms-field-container --><div class=\"wpforms-submit-container\" ><input type=\"hidden\" name=\"wpforms[id]\" value=\"1185\"><input type=\"hidden\" name=\"page_title\" value=\"\"><input type=\"hidden\" name=\"page_url\" value=\"https:\/\/foodinside.es\/en\/wp-json\/wp\/v2\/pages\/407\"><input type=\"hidden\" name=\"url_referer\" value=\"\"><button type=\"submit\" name=\"wpforms[submit]\" id=\"wpforms-submit-1185\" class=\"wpforms-submit\" data-alt-text=\"Enviando...\" data-submit-text=\"Enviar\" aria-live=\"assertive\" value=\"wpforms-submit\">Enviar<\/button><img decoding=\"async\" src=\"https:\/\/foodinside.es\/wp-content\/plugins\/wpforms-lite\/assets\/images\/submit-spin.svg\" class=\"wpforms-submit-spinner\" style=\"display: none;\" width=\"26\" height=\"26\" alt=\"Loading\"><\/div><\/form><\/div>  <!-- .wpforms-container -->\n\n\n\n<p><\/p>\n","protected":false},"excerpt":{"rendered":"<p>\u00a1Hola! Auditor\u00edas y Consultor\u00eda Alimentaria a tu Medida Expertos en calidad y seguridad alimentaria para grandes marcas y restaurantes. Mejora y protege tu negocio con nosotros.<\/p>\n","protected":false},"author":2,"featured_media":0,"parent":0,"menu_order":0,"comment_status":"open","ping_status":"closed","template":"","meta":{"_acf_changed":false,"iawp_total_views":3,"footnotes":""},"class_list":["post-407","page","type-page","status-publish","hentry"],"acf":[],"yoast_head":"<!-- This site is optimized with the Yoast SEO plugin v27.6 - https:\/\/yoast.com\/product\/yoast-seo-wordpress\/ -->\n<title>Auditor\u00eda Alimentaria Personalizada - FOOD INSIDE<\/title>\n<meta name=\"description\" content=\"Mejora la calidad y seguridad alimentaria de tu negocio con servicios expertos en auditor\u00eda y consultor\u00eda. Cont\u00e1ctanos para proteger tu marca.\" \/>\n<meta name=\"robots\" content=\"index, follow, max-snippet:-1, max-image-preview:large, max-video-preview:-1\" \/>\n<link rel=\"canonical\" href=\"https:\/\/foodinside.es\/en\/contacto\/\" \/>\n<meta property=\"og:locale\" content=\"en_US\" \/>\n<meta property=\"og:type\" content=\"article\" \/>\n<meta property=\"og:title\" content=\"Auditor\u00eda Alimentaria Personalizada - FOOD INSIDE\" \/>\n<meta property=\"og:description\" content=\"Mejora la calidad y seguridad alimentaria de tu negocio con servicios expertos en auditor\u00eda y consultor\u00eda. Cont\u00e1ctanos para proteger tu marca.\" \/>\n<meta property=\"og:url\" content=\"https:\/\/foodinside.es\/en\/contacto\/\" \/>\n<meta property=\"og:site_name\" content=\"FOOD INSIDE - Auditor\u00eda y Consultor\u00eda Alimentaria\" \/>\n<meta property=\"article:modified_time\" content=\"2026-02-20T15:54:44+00:00\" \/>\n<meta name=\"twitter:card\" content=\"summary_large_image\" \/>\n<meta name=\"twitter:label1\" content=\"Est. reading time\" \/>\n\t<meta name=\"twitter:data1\" content=\"1 minute\" \/>\n<!-- \/ Yoast SEO plugin. -->","yoast_head_json":{"title":"Auditor\u00eda Alimentaria Personalizada - FOOD INSIDE","description":"Mejora la calidad y seguridad alimentaria de tu negocio con servicios expertos en auditor\u00eda y consultor\u00eda. Cont\u00e1ctanos para proteger tu marca.","robots":{"index":"index","follow":"follow","max-snippet":"max-snippet:-1","max-image-preview":"max-image-preview:large","max-video-preview":"max-video-preview:-1"},"canonical":"https:\/\/foodinside.es\/en\/contacto\/","og_locale":"en_US","og_type":"article","og_title":"Auditor\u00eda Alimentaria Personalizada - FOOD INSIDE","og_description":"Mejora la calidad y seguridad alimentaria de tu negocio con servicios expertos en auditor\u00eda y consultor\u00eda. Cont\u00e1ctanos para proteger tu marca.","og_url":"https:\/\/foodinside.es\/en\/contacto\/","og_site_name":"FOOD INSIDE - Auditor\u00eda y Consultor\u00eda Alimentaria","article_modified_time":"2026-02-20T15:54:44+00:00","twitter_card":"summary_large_image","twitter_misc":{"Est. reading time":"1 minute"},"schema":{"@context":"https:\/\/schema.org","@graph":[{"@type":"WebPage","@id":"https:\/\/foodinside.es\/en\/contacto\/","url":"https:\/\/foodinside.es\/en\/contacto\/","name":"Auditor\u00eda Alimentaria Personalizada - FOOD INSIDE","isPartOf":{"@id":"https:\/\/foodinside.es\/en\/#website"},"datePublished":"2024-12-07T20:20:24+00:00","dateModified":"2026-02-20T15:54:44+00:00","description":"Mejora la calidad y seguridad alimentaria de tu negocio con servicios expertos en auditor\u00eda y consultor\u00eda. Cont\u00e1ctanos para proteger tu marca.","breadcrumb":{"@id":"https:\/\/foodinside.es\/en\/contacto\/#breadcrumb"},"inLanguage":"en-US","potentialAction":[{"@type":"ReadAction","target":["https:\/\/foodinside.es\/en\/contacto\/"]}]},{"@type":"BreadcrumbList","@id":"https:\/\/foodinside.es\/en\/contacto\/#breadcrumb","itemListElement":[{"@type":"ListItem","position":1,"name":"Portada","item":"https:\/\/foodinside.es\/en\/"},{"@type":"ListItem","position":2,"name":"Contacto"}]},{"@type":"WebSite","@id":"https:\/\/foodinside.es\/en\/#website","url":"https:\/\/foodinside.es\/en\/","name":"FOOD INSIDE - Auditor\u00eda y Consultor\u00eda Alimentaria","description":"","publisher":{"@id":"https:\/\/foodinside.es\/en\/#organization"},"potentialAction":[{"@type":"SearchAction","target":{"@type":"EntryPoint","urlTemplate":"https:\/\/foodinside.es\/en\/?s={search_term_string}"},"query-input":{"@type":"PropertyValueSpecification","valueRequired":true,"valueName":"search_term_string"}}],"inLanguage":"en-US"},{"@type":"Organization","@id":"https:\/\/foodinside.es\/en\/#organization","name":"FOOD INSIDE - Auditor\u00eda y Consultor\u00eda Alimentaria","url":"https:\/\/foodinside.es\/en\/","logo":{"@type":"ImageObject","inLanguage":"en-US","@id":"https:\/\/foodinside.es\/en\/#\/schema\/logo\/image\/","url":"https:\/\/foodinside.es\/wp-content\/uploads\/2024\/12\/Leonardo_Phoenix_Logotipo_para_negocio_de_consultora_fondo_bla_0.jpg","contentUrl":"https:\/\/foodinside.es\/wp-content\/uploads\/2024\/12\/Leonardo_Phoenix_Logotipo_para_negocio_de_consultora_fondo_bla_0.jpg","width":768,"height":768,"caption":"FOOD INSIDE - Auditor\u00eda y Consultor\u00eda Alimentaria"},"image":{"@id":"https:\/\/foodinside.es\/en\/#\/schema\/logo\/image\/"}}]}},"_links":{"self":[{"href":"https:\/\/foodinside.es\/en\/wp-json\/wp\/v2\/pages\/407","targetHints":{"allow":["GET"]}}],"collection":[{"href":"https:\/\/foodinside.es\/en\/wp-json\/wp\/v2\/pages"}],"about":[{"href":"https:\/\/foodinside.es\/en\/wp-json\/wp\/v2\/types\/page"}],"author":[{"embeddable":true,"href":"https:\/\/foodinside.es\/en\/wp-json\/wp\/v2\/users\/2"}],"replies":[{"embeddable":true,"href":"https:\/\/foodinside.es\/en\/wp-json\/wp\/v2\/comments?post=407"}],"version-history":[{"count":6,"href":"https:\/\/foodinside.es\/en\/wp-json\/wp\/v2\/pages\/407\/revisions"}],"predecessor-version":[{"id":1211,"href":"https:\/\/foodinside.es\/en\/wp-json\/wp\/v2\/pages\/407\/revisions\/1211"}],"wp:attachment":[{"href":"https:\/\/foodinside.es\/en\/wp-json\/wp\/v2\/media?parent=407"}],"curies":[{"name":"wp","href":"https:\/\/api.w.org\/{rel}","templated":true}]}}