{"id":643,"date":"2024-12-08T05:25:20","date_gmt":"2024-12-08T05:25:20","guid":{"rendered":"https:\/\/foodinside.es\/producto\/consultoria-y-auditoria-appcc-para-hosteleria-e-industria\/"},"modified":"2026-02-11T11:05:34","modified_gmt":"2026-02-11T11:05:34","slug":"consultoria-y-auditoria-appcc-para-hosteleria-e-industria","status":"publish","type":"product","link":"https:\/\/foodinside.es\/en\/producto\/consultoria-y-auditoria-appcc-para-hosteleria-e-industria\/","title":{"rendered":"Consultor\u00eda y Auditor\u00eda APPCC para Hosteler\u00eda e Industria"},"content":{"rendered":"","protected":false},"excerpt":{"rendered":"<p>Protege tu negocio: seguridad alimentaria garantizada.<\/p>\n","protected":false},"featured_media":644,"template":"","meta":{"_acf_changed":false,"iawp_total_views":13},"marca":[99,98],"product_brand":[],"product_cat":[],"product_tag":[],"class_list":{"0":"post-643","1":"product","2":"type-product","3":"status-publish","4":"has-post-thumbnail","6":"marca-bv-iberia","7":"marca-p-nunez","9":"first","10":"instock","11":"shipping-taxable","12":"product-type-simple"},"acf":[],"yoast_head":"<!-- This site is optimized with the Yoast SEO plugin v27.6 - https:\/\/yoast.com\/product\/yoast-seo-wordpress\/ -->\n<title>Consultor\u00eda y Auditor\u00eda APPCC - FOOD INSIDE<\/title>\n<meta name=\"description\" content=\"Protege tu negocio con consultor\u00eda profesional en seguridad alimentaria, dise\u00f1o e implantaci\u00f3n de sistemas APPCC. Env\u00edo gratis y devoluciones f\u00e1ciles.\" \/>\n<meta name=\"robots\" content=\"index, follow, max-snippet:-1, max-image-preview:large, max-video-preview:-1\" \/>\n<link rel=\"canonical\" href=\"https:\/\/foodinside.es\/en\/producto\/consultoria-y-auditoria-appcc-para-hosteleria-e-industria\/\" \/>\n<meta property=\"og:locale\" content=\"en_US\" \/>\n<meta property=\"og:type\" content=\"article\" \/>\n<meta property=\"og:title\" content=\"Consultor\u00eda y Auditor\u00eda APPCC - FOOD INSIDE\" \/>\n<meta property=\"og:description\" content=\"Protege tu negocio con consultor\u00eda profesional en seguridad alimentaria, dise\u00f1o e implantaci\u00f3n de sistemas APPCC. Env\u00edo gratis y devoluciones f\u00e1ciles.\" \/>\n<meta property=\"og:url\" content=\"https:\/\/foodinside.es\/en\/producto\/consultoria-y-auditoria-appcc-para-hosteleria-e-industria\/\" \/>\n<meta property=\"og:site_name\" content=\"FOOD INSIDE - Auditor\u00eda y Consultor\u00eda Alimentaria\" \/>\n<meta property=\"article:modified_time\" content=\"2026-02-11T11:05:34+00:00\" \/>\n<meta property=\"og:image\" content=\"https:\/\/foodinside.es\/wp-content\/uploads\/2024\/12\/Leonardo_Vision_XL_Disear_una_imagen_que_represente_consultora_0.jpg\" \/>\n\t<meta property=\"og:image:width\" content=\"1792\" \/>\n\t<meta property=\"og:image:height\" content=\"1456\" \/>\n\t<meta property=\"og:image:type\" content=\"image\/jpeg\" \/>\n<meta name=\"twitter:card\" content=\"summary_large_image\" \/>\n<meta name=\"twitter:label1\" content=\"Est. reading time\" \/>\n\t<meta name=\"twitter:data1\" content=\"1 minute\" \/>\n<!-- \/ Yoast SEO plugin. -->","yoast_head_json":{"title":"Consultor\u00eda y Auditor\u00eda APPCC - FOOD INSIDE","description":"Protege tu negocio con consultor\u00eda profesional en seguridad alimentaria, dise\u00f1o e implantaci\u00f3n de sistemas APPCC. Env\u00edo gratis y devoluciones f\u00e1ciles.","robots":{"index":"index","follow":"follow","max-snippet":"max-snippet:-1","max-image-preview":"max-image-preview:large","max-video-preview":"max-video-preview:-1"},"canonical":"https:\/\/foodinside.es\/en\/producto\/consultoria-y-auditoria-appcc-para-hosteleria-e-industria\/","og_locale":"en_US","og_type":"article","og_title":"Consultor\u00eda y Auditor\u00eda APPCC - FOOD INSIDE","og_description":"Protege tu negocio con consultor\u00eda profesional en seguridad alimentaria, dise\u00f1o e implantaci\u00f3n de sistemas APPCC. Env\u00edo gratis y devoluciones f\u00e1ciles.","og_url":"https:\/\/foodinside.es\/en\/producto\/consultoria-y-auditoria-appcc-para-hosteleria-e-industria\/","og_site_name":"FOOD INSIDE - Auditor\u00eda y Consultor\u00eda Alimentaria","article_modified_time":"2026-02-11T11:05:34+00:00","og_image":[{"width":1792,"height":1456,"url":"https:\/\/foodinside.es\/wp-content\/uploads\/2024\/12\/Leonardo_Vision_XL_Disear_una_imagen_que_represente_consultora_0.jpg","type":"image\/jpeg"}],"twitter_card":"summary_large_image","twitter_misc":{"Est. reading time":"1 minute"},"schema":{"@context":"https:\/\/schema.org","@graph":[{"@type":"WebPage","@id":"https:\/\/foodinside.es\/en\/producto\/consultoria-y-auditoria-appcc-para-hosteleria-e-industria\/","url":"https:\/\/foodinside.es\/en\/producto\/consultoria-y-auditoria-appcc-para-hosteleria-e-industria\/","name":"Consultor\u00eda y Auditor\u00eda APPCC - FOOD INSIDE","isPartOf":{"@id":"https:\/\/foodinside.es\/en\/#website"},"primaryImageOfPage":{"@id":"https:\/\/foodinside.es\/en\/producto\/consultoria-y-auditoria-appcc-para-hosteleria-e-industria\/#primaryimage"},"image":{"@id":"https:\/\/foodinside.es\/en\/producto\/consultoria-y-auditoria-appcc-para-hosteleria-e-industria\/#primaryimage"},"thumbnailUrl":"https:\/\/foodinside.es\/wp-content\/uploads\/2024\/12\/Leonardo_Vision_XL_Disear_una_imagen_que_represente_consultora_0.jpg","datePublished":"2024-12-08T05:25:20+00:00","dateModified":"2026-02-11T11:05:34+00:00","description":"Protege tu negocio con consultor\u00eda profesional en seguridad alimentaria, dise\u00f1o e implantaci\u00f3n de sistemas APPCC. Env\u00edo gratis y devoluciones f\u00e1ciles.","breadcrumb":{"@id":"https:\/\/foodinside.es\/en\/producto\/consultoria-y-auditoria-appcc-para-hosteleria-e-industria\/#breadcrumb"},"inLanguage":"en-US","potentialAction":[{"@type":"ReadAction","target":["https:\/\/foodinside.es\/en\/producto\/consultoria-y-auditoria-appcc-para-hosteleria-e-industria\/"]}]},{"@type":"ImageObject","inLanguage":"en-US","@id":"https:\/\/foodinside.es\/en\/producto\/consultoria-y-auditoria-appcc-para-hosteleria-e-industria\/#primaryimage","url":"https:\/\/foodinside.es\/wp-content\/uploads\/2024\/12\/Leonardo_Vision_XL_Disear_una_imagen_que_represente_consultora_0.jpg","contentUrl":"https:\/\/foodinside.es\/wp-content\/uploads\/2024\/12\/Leonardo_Vision_XL_Disear_una_imagen_que_represente_consultora_0.jpg","width":1792,"height":1456},{"@type":"BreadcrumbList","@id":"https:\/\/foodinside.es\/en\/producto\/consultoria-y-auditoria-appcc-para-hosteleria-e-industria\/#breadcrumb","itemListElement":[{"@type":"ListItem","position":1,"name":"Portada","item":"https:\/\/foodinside.es\/en\/"},{"@type":"ListItem","position":2,"name":"FOOD INSIDE","item":"https:\/\/foodinside.es\/food-inside\/"},{"@type":"ListItem","position":3,"name":"Consultor\u00eda y Auditor\u00eda APPCC para Hosteler\u00eda e Industria"}]},{"@type":"WebSite","@id":"https:\/\/foodinside.es\/en\/#website","url":"https:\/\/foodinside.es\/en\/","name":"FOOD INSIDE - Auditor\u00eda y Consultor\u00eda Alimentaria","description":"","publisher":{"@id":"https:\/\/foodinside.es\/en\/#organization"},"potentialAction":[{"@type":"SearchAction","target":{"@type":"EntryPoint","urlTemplate":"https:\/\/foodinside.es\/en\/?s={search_term_string}"},"query-input":{"@type":"PropertyValueSpecification","valueRequired":true,"valueName":"search_term_string"}}],"inLanguage":"en-US"},{"@type":"Organization","@id":"https:\/\/foodinside.es\/en\/#organization","name":"FOOD INSIDE - Auditor\u00eda y Consultor\u00eda Alimentaria","url":"https:\/\/foodinside.es\/en\/","logo":{"@type":"ImageObject","inLanguage":"en-US","@id":"https:\/\/foodinside.es\/en\/#\/schema\/logo\/image\/","url":"https:\/\/foodinside.es\/wp-content\/uploads\/2024\/12\/Leonardo_Phoenix_Logotipo_para_negocio_de_consultora_fondo_bla_0.jpg","contentUrl":"https:\/\/foodinside.es\/wp-content\/uploads\/2024\/12\/Leonardo_Phoenix_Logotipo_para_negocio_de_consultora_fondo_bla_0.jpg","width":768,"height":768,"caption":"FOOD INSIDE - Auditor\u00eda y Consultor\u00eda Alimentaria"},"image":{"@id":"https:\/\/foodinside.es\/en\/#\/schema\/logo\/image\/"}}]}},"_links":{"self":[{"href":"https:\/\/foodinside.es\/en\/wp-json\/wp\/v2\/product\/643","targetHints":{"allow":["GET"]}}],"collection":[{"href":"https:\/\/foodinside.es\/en\/wp-json\/wp\/v2\/product"}],"about":[{"href":"https:\/\/foodinside.es\/en\/wp-json\/wp\/v2\/types\/product"}],"wp:featuredmedia":[{"embeddable":true,"href":"https:\/\/foodinside.es\/en\/wp-json\/wp\/v2\/media\/644"}],"wp:attachment":[{"href":"https:\/\/foodinside.es\/en\/wp-json\/wp\/v2\/media?parent=643"}],"wp:term":[{"taxonomy":"marca","embeddable":true,"href":"https:\/\/foodinside.es\/en\/wp-json\/wp\/v2\/marca?post=643"},{"taxonomy":"product_brand","embeddable":true,"href":"https:\/\/foodinside.es\/en\/wp-json\/wp\/v2\/product_brand?post=643"},{"taxonomy":"product_cat","embeddable":true,"href":"https:\/\/foodinside.es\/en\/wp-json\/wp\/v2\/product_cat?post=643"},{"taxonomy":"product_tag","embeddable":true,"href":"https:\/\/foodinside.es\/en\/wp-json\/wp\/v2\/product_tag?post=643"}],"curies":[{"name":"wp","href":"https:\/\/api.w.org\/{rel}","templated":true}]}}